{"id":879,"date":"2019-10-20T19:46:37","date_gmt":"2019-10-20T19:46:37","guid":{"rendered":"http:\/\/der-homberger.de\/?page_id=879"},"modified":"2019-10-23T19:17:08","modified_gmt":"2019-10-23T19:17:08","slug":"tiertaxi","status":"publish","type":"page","link":"https:\/\/der-homberger.de\/?page_id=879","title":{"rendered":"Tiertaxi"},"content":{"rendered":"\n<p align=\"justify\">Nehmen Sie Ihren Hund einfach mit. <strong>Wir freuen uns, wenn SIE zufrieden sind!<\/strong> Wenn er nicht sehr gro\u00df ist kann im Fu\u00dfraum sitzen und reist kostenlos mit &#8211;&nbsp; aaaaber er darf nicht nass sein. Bitte haben Sie Verst\u00e4ndnis, dass Ihr Hund den Fahrgastraum nicht verschmutzen sollte, denn nach Ihnen wird ein neuer Fahrgast einsteigen &#8230; Und BITTE geben Sie vorher bei der Bestellung bekannt, dass Sie einen Hund mit nehmen wollen. Dann k\u00f6nnen wir uns drauf einstellen und dem Fahrer vorher Bescheid sagen.<\/p>\n\n\n\n<div class=\"wp-block-image\"><figure class=\"aligncenter\"><img loading=\"lazy\" decoding=\"async\" width=\"799\" height=\"229\" src=\"https:\/\/der-homberger.de\/wp-content\/uploads\/Taxiruf.jpg\" alt=\"\" class=\"wp-image-1141\" srcset=\"https:\/\/der-homberger.de\/wp-content\/uploads\/Taxiruf.jpg 799w, https:\/\/der-homberger.de\/wp-content\/uploads\/Taxiruf-150x43.jpg 150w, https:\/\/der-homberger.de\/wp-content\/uploads\/Taxiruf-300x86.jpg 300w, https:\/\/der-homberger.de\/wp-content\/uploads\/Taxiruf-768x220.jpg 768w\" sizes=\"auto, (max-width: 799px) 100vw, 799px\" \/><figcaption>IHR Taxuruf!<\/figcaption><\/figure><\/div>\n","protected":false},"excerpt":{"rendered":"<p>Nehmen Sie Ihren Hund einfach mit. Wir freuen uns, wenn SIE zufrieden sind! Wenn er nicht sehr gro\u00df ist kann im Fu\u00dfraum sitzen und reist kostenlos mit &#8211;&nbsp; aaaaber er darf nicht nass sein. Bitte haben Sie Verst\u00e4ndnis, dass Ihr Hund den Fahrgastraum nicht verschmutzen sollte, denn nach Ihnen wird ein neuer Fahrgast einsteigen &#8230; [&hellip;]<\/p>\n","protected":false},"author":2,"featured_media":0,"parent":0,"menu_order":0,"comment_status":"closed","ping_status":"closed","template":"","meta":{"ngg_post_thumbnail":0,"footnotes":""},"class_list":["post-879","page","type-page","status-publish","hentry","post"],"_links":{"self":[{"href":"https:\/\/der-homberger.de\/index.php?rest_route=\/wp\/v2\/pages\/879","targetHints":{"allow":["GET"]}}],"collection":[{"href":"https:\/\/der-homberger.de\/index.php?rest_route=\/wp\/v2\/pages"}],"about":[{"href":"https:\/\/der-homberger.de\/index.php?rest_route=\/wp\/v2\/types\/page"}],"author":[{"embeddable":true,"href":"https:\/\/der-homberger.de\/index.php?rest_route=\/wp\/v2\/users\/2"}],"replies":[{"embeddable":true,"href":"https:\/\/der-homberger.de\/index.php?rest_route=%2Fwp%2Fv2%2Fcomments&post=879"}],"version-history":[{"count":3,"href":"https:\/\/der-homberger.de\/index.php?rest_route=\/wp\/v2\/pages\/879\/revisions"}],"predecessor-version":[{"id":1182,"href":"https:\/\/der-homberger.de\/index.php?rest_route=\/wp\/v2\/pages\/879\/revisions\/1182"}],"wp:attachment":[{"href":"https:\/\/der-homberger.de\/index.php?rest_route=%2Fwp%2Fv2%2Fmedia&parent=879"}],"curies":[{"name":"wp","href":"https:\/\/api.w.org\/{rel}","templated":true}]}}