{"id":877,"date":"2019-10-20T19:46:14","date_gmt":"2019-10-20T19:46:14","guid":{"rendered":"http:\/\/der-homberger.de\/?page_id=877"},"modified":"2019-10-23T19:30:53","modified_gmt":"2019-10-23T19:30:53","slug":"rechnungsfahrten","status":"publish","type":"page","link":"https:\/\/der-homberger.de\/?page_id=877","title":{"rendered":"Rechnungsfahrten"},"content":{"rendered":"\n<p align=\"justify\">Firmenkunden haben die M\u00f6glichkeit nach Absprache auf Rechnung zu fahren: Vielleicht haben haben Sie Gesch\u00e4ftskunden, die zum Flughafen m\u00fcssen? Oder Sie haben einen gesch\u00e4ftlichen Termin und wollen die Fahrtzeit zum Arbeiten nutzen? Da k\u00f6nnen wir helfen!<\/p>\n\n\n\n<div class=\"wp-block-image\"><figure class=\"aligncenter\"><img loading=\"lazy\" decoding=\"async\" width=\"799\" height=\"229\" src=\"https:\/\/der-homberger.de\/wp-content\/uploads\/Taxiruf.jpg\" alt=\"\" class=\"wp-image-1141\" srcset=\"https:\/\/der-homberger.de\/wp-content\/uploads\/Taxiruf.jpg 799w, https:\/\/der-homberger.de\/wp-content\/uploads\/Taxiruf-150x43.jpg 150w, https:\/\/der-homberger.de\/wp-content\/uploads\/Taxiruf-300x86.jpg 300w, https:\/\/der-homberger.de\/wp-content\/uploads\/Taxiruf-768x220.jpg 768w\" sizes=\"auto, (max-width: 799px) 100vw, 799px\" \/><figcaption><strong>IHR Taxiruf!<\/strong><\/figcaption><\/figure><\/div>\n\n\n","protected":false},"excerpt":{"rendered":"<p>Firmenkunden haben die M\u00f6glichkeit nach Absprache auf Rechnung zu fahren: Vielleicht haben haben Sie Gesch\u00e4ftskunden, die zum Flughafen m\u00fcssen? Oder Sie haben einen gesch\u00e4ftlichen Termin und wollen die Fahrtzeit zum Arbeiten nutzen? Da k\u00f6nnen wir helfen!<\/p>\n","protected":false},"author":2,"featured_media":0,"parent":0,"menu_order":0,"comment_status":"closed","ping_status":"closed","template":"","meta":{"ngg_post_thumbnail":0,"footnotes":""},"class_list":["post-877","page","type-page","status-publish","hentry","post"],"_links":{"self":[{"href":"https:\/\/der-homberger.de\/index.php?rest_route=\/wp\/v2\/pages\/877","targetHints":{"allow":["GET"]}}],"collection":[{"href":"https:\/\/der-homberger.de\/index.php?rest_route=\/wp\/v2\/pages"}],"about":[{"href":"https:\/\/der-homberger.de\/index.php?rest_route=\/wp\/v2\/types\/page"}],"author":[{"embeddable":true,"href":"https:\/\/der-homberger.de\/index.php?rest_route=\/wp\/v2\/users\/2"}],"replies":[{"embeddable":true,"href":"https:\/\/der-homberger.de\/index.php?rest_route=%2Fwp%2Fv2%2Fcomments&post=877"}],"version-history":[{"count":3,"href":"https:\/\/der-homberger.de\/index.php?rest_route=\/wp\/v2\/pages\/877\/revisions"}],"predecessor-version":[{"id":1192,"href":"https:\/\/der-homberger.de\/index.php?rest_route=\/wp\/v2\/pages\/877\/revisions\/1192"}],"wp:attachment":[{"href":"https:\/\/der-homberger.de\/index.php?rest_route=%2Fwp%2Fv2%2Fmedia&parent=877"}],"curies":[{"name":"wp","href":"https:\/\/api.w.org\/{rel}","templated":true}]}}