{"id":873,"date":"2019-10-20T19:44:02","date_gmt":"2019-10-20T19:44:02","guid":{"rendered":"http:\/\/der-homberger.de\/?page_id=873"},"modified":"2019-10-23T19:35:46","modified_gmt":"2019-10-23T19:35:46","slug":"dialysefahrten","status":"publish","type":"page","link":"https:\/\/der-homberger.de\/?page_id=873","title":{"rendered":"Dialysefahrten"},"content":{"rendered":"\n\n\n<p align=\"justify\">Dialysefahrten oder alle anderen regelm\u00e4\u00dfigen Fahrten zu Behandlungen&nbsp; funktionieren wir <a href=\"https:\/\/der-homberger.de\/?page_id=333\">Krankenfahrten<\/a>: Erst Genehmigung von der Krankenkasse einholen, uns die genehmigten Unterlagen aush\u00e4ndigen.<\/p>\n\n\n\n<div class=\"wp-block-image\"><figure class=\"aligncenter\"><a href=\"https:\/\/der-homberger.de\/wp-content\/uploads\/Taxiruf.jpg\"><img loading=\"lazy\" decoding=\"async\" width=\"799\" height=\"229\" src=\"https:\/\/der-homberger.de\/wp-content\/uploads\/Taxiruf.jpg\" alt=\"\" class=\"wp-image-1141\" srcset=\"https:\/\/der-homberger.de\/wp-content\/uploads\/Taxiruf.jpg 799w, https:\/\/der-homberger.de\/wp-content\/uploads\/Taxiruf-150x43.jpg 150w, https:\/\/der-homberger.de\/wp-content\/uploads\/Taxiruf-300x86.jpg 300w, https:\/\/der-homberger.de\/wp-content\/uploads\/Taxiruf-768x220.jpg 768w\" sizes=\"auto, (max-width: 799px) 100vw, 799px\" \/><\/a><figcaption><strong>  IHR TAXIRUF!<\/strong><br>Damit Sie Ihren Arzttermin p\u00fcnktlich wahrnehmen k\u00f6nnen, bitten wir Sie, fr\u00fchzeitig zu reservieren.  <br><\/figcaption><\/figure><\/div>\n\n\n\n<p align=\"justify\">Wir reservieren f\u00fcr Sie die festen Termine, damit Sie sich auf Ihre Behandlung konzentrieren k\u00f6nnen, wir \u00fcbernehmen Hin- und R\u00fcckfahrt.<\/p>\n","protected":false},"excerpt":{"rendered":"<p>Dialysefahrten oder alle anderen regelm\u00e4\u00dfigen Fahrten zu Behandlungen&nbsp; funktionieren wir Krankenfahrten: Erst Genehmigung von der Krankenkasse einholen, uns die genehmigten Unterlagen aush\u00e4ndigen. Wir reservieren f\u00fcr Sie die festen Termine, damit Sie sich auf Ihre Behandlung konzentrieren k\u00f6nnen, wir \u00fcbernehmen Hin- und R\u00fcckfahrt.<\/p>\n","protected":false},"author":2,"featured_media":0,"parent":0,"menu_order":0,"comment_status":"closed","ping_status":"closed","template":"","meta":{"ngg_post_thumbnail":0,"footnotes":""},"class_list":["post-873","page","type-page","status-publish","hentry","post"],"_links":{"self":[{"href":"https:\/\/der-homberger.de\/index.php?rest_route=\/wp\/v2\/pages\/873","targetHints":{"allow":["GET"]}}],"collection":[{"href":"https:\/\/der-homberger.de\/index.php?rest_route=\/wp\/v2\/pages"}],"about":[{"href":"https:\/\/der-homberger.de\/index.php?rest_route=\/wp\/v2\/types\/page"}],"author":[{"embeddable":true,"href":"https:\/\/der-homberger.de\/index.php?rest_route=\/wp\/v2\/users\/2"}],"replies":[{"embeddable":true,"href":"https:\/\/der-homberger.de\/index.php?rest_route=%2Fwp%2Fv2%2Fcomments&post=873"}],"version-history":[{"count":7,"href":"https:\/\/der-homberger.de\/index.php?rest_route=\/wp\/v2\/pages\/873\/revisions"}],"predecessor-version":[{"id":1197,"href":"https:\/\/der-homberger.de\/index.php?rest_route=\/wp\/v2\/pages\/873\/revisions\/1197"}],"wp:attachment":[{"href":"https:\/\/der-homberger.de\/index.php?rest_route=%2Fwp%2Fv2%2Fmedia&parent=873"}],"curies":[{"name":"wp","href":"https:\/\/api.w.org\/{rel}","templated":true}]}}