{"id":845,"date":"2019-10-20T18:58:01","date_gmt":"2019-10-20T18:58:01","guid":{"rendered":"http:\/\/der-homberger.de\/?page_id=845"},"modified":"2020-06-15T09:10:33","modified_gmt":"2020-06-15T09:10:33","slug":"busfahrer-gesucht","status":"publish","type":"page","link":"https:\/\/der-homberger.de\/?page_id=845","title":{"rendered":"Busfahrer gesucht"},"content":{"rendered":"\n<div class=\"wp-block-image\"><figure class=\"aligncenter\"><img loading=\"lazy\" decoding=\"async\" width=\"606\" height=\"471\" src=\"https:\/\/der-homberger.de\/wp-content\/uploads\/Screenshot_2019-10-20-DER-HOMBERGER-Busfahrer-f\u00fcr-LINIENVERKEHR-Minijob-Teilzeit-2.png\" alt=\"\" class=\"wp-image-855\" srcset=\"https:\/\/der-homberger.de\/wp-content\/uploads\/Screenshot_2019-10-20-DER-HOMBERGER-Busfahrer-f\u00fcr-LINIENVERKEHR-Minijob-Teilzeit-2.png 606w, https:\/\/der-homberger.de\/wp-content\/uploads\/Screenshot_2019-10-20-DER-HOMBERGER-Busfahrer-f\u00fcr-LINIENVERKEHR-Minijob-Teilzeit-2-150x117.png 150w, https:\/\/der-homberger.de\/wp-content\/uploads\/Screenshot_2019-10-20-DER-HOMBERGER-Busfahrer-f\u00fcr-LINIENVERKEHR-Minijob-Teilzeit-2-300x233.png 300w\" sizes=\"auto, (max-width: 606px) 100vw, 606px\" \/><\/figure><\/div>\n\n\n\n<p align=\"justify\">Haben Sie Spa\u00df am Auto fahren? Haben Sie gerne mit Menschen zu tun? Das trifft sich gut! Wir suchen n\u00e4mlich Verst\u00e4rkung f\u00fcr unser Team im Linienverkehr!<br data-rich-text-line-break=\"true\">Wir suchen besonders Einsatzwagenfahrer: ca. 2 Stunden, besonders f\u00fcr die morgentlichen Sto\u00dfzeiten \u2013 also ideal f\u00fcr Rentner. Kurzdienste, als Minijob oder Teilzeitbasis. Interessant? Vielleicht ein paar Fragen dazu? Einfach melden unter 02066 55 5 55, alles Weitere dann pers\u00f6nlich.<\/p>\n\n\n\n<hr class=\"wp-block-separator\"\/>\n\n\n\n<div class=\"wp-block-image\"><figure class=\"aligncenter\"><img loading=\"lazy\" decoding=\"async\" width=\"1024\" height=\"576\" src=\"https:\/\/der-homberger.de\/wp-content\/uploads\/rustigerentnergesucht-1024x576.jpg\" alt=\"\" class=\"wp-image-798\" srcset=\"https:\/\/der-homberger.de\/wp-content\/uploads\/rustigerentnergesucht-1024x576.jpg 1024w, https:\/\/der-homberger.de\/wp-content\/uploads\/rustigerentnergesucht-150x84.jpg 150w, https:\/\/der-homberger.de\/wp-content\/uploads\/rustigerentnergesucht-300x169.jpg 300w, https:\/\/der-homberger.de\/wp-content\/uploads\/rustigerentnergesucht-768x432.jpg 768w, https:\/\/der-homberger.de\/wp-content\/uploads\/rustigerentnergesucht.jpg 1280w\" sizes=\"auto, (max-width: 1024px) 100vw, 1024px\" \/><\/figure><\/div>\n\n\n\n<p align=\"justify\">Wir suchen Busfahrer f\u00fcr morgentliche Kurzeins\u00e4tze \u2013 besonders gut geeignet f\u00fcr r\u00fcstige Rentner mit Busf\u00fchrerschein, die sich ein paar Euro dazu verdienen wollen \u2013 als Minijob oder auf Teilzeitbasis.<\/p>\n\n\n\n\n\n<hr class=\"wp-block-separator\"\/>\n","protected":false},"excerpt":{"rendered":"<p>Haben Sie Spa\u00df am Auto fahren? Haben Sie gerne mit Menschen zu tun? Das trifft sich gut! Wir suchen n\u00e4mlich Verst\u00e4rkung f\u00fcr unser Team im Linienverkehr!Wir suchen besonders Einsatzwagenfahrer: ca. 2 Stunden, besonders f\u00fcr die morgentlichen Sto\u00dfzeiten \u2013 also ideal f\u00fcr Rentner. Kurzdienste, als Minijob oder Teilzeitbasis. Interessant? Vielleicht ein paar Fragen dazu? Einfach melden [&hellip;]<\/p>\n","protected":false},"author":2,"featured_media":0,"parent":0,"menu_order":0,"comment_status":"closed","ping_status":"closed","template":"","meta":{"ngg_post_thumbnail":0,"footnotes":""},"class_list":["post-845","page","type-page","status-publish","hentry","post"],"_links":{"self":[{"href":"https:\/\/der-homberger.de\/index.php?rest_route=\/wp\/v2\/pages\/845","targetHints":{"allow":["GET"]}}],"collection":[{"href":"https:\/\/der-homberger.de\/index.php?rest_route=\/wp\/v2\/pages"}],"about":[{"href":"https:\/\/der-homberger.de\/index.php?rest_route=\/wp\/v2\/types\/page"}],"author":[{"embeddable":true,"href":"https:\/\/der-homberger.de\/index.php?rest_route=\/wp\/v2\/users\/2"}],"replies":[{"embeddable":true,"href":"https:\/\/der-homberger.de\/index.php?rest_route=%2Fwp%2Fv2%2Fcomments&post=845"}],"version-history":[{"count":7,"href":"https:\/\/der-homberger.de\/index.php?rest_route=\/wp\/v2\/pages\/845\/revisions"}],"predecessor-version":[{"id":1571,"href":"https:\/\/der-homberger.de\/index.php?rest_route=\/wp\/v2\/pages\/845\/revisions\/1571"}],"wp:attachment":[{"href":"https:\/\/der-homberger.de\/index.php?rest_route=%2Fwp%2Fv2%2Fmedia&parent=845"}],"curies":[{"name":"wp","href":"https:\/\/api.w.org\/{rel}","templated":true}]}}