{"id":843,"date":"2019-10-20T18:57:42","date_gmt":"2019-10-20T18:57:42","guid":{"rendered":"http:\/\/der-homberger.de\/?page_id=843"},"modified":"2019-10-27T17:00:14","modified_gmt":"2019-10-27T17:00:14","slug":"taxifahrer-gesucht","status":"publish","type":"page","link":"https:\/\/der-homberger.de\/?page_id=843","title":{"rendered":"Taxifahrer gesucht"},"content":{"rendered":"\n<div class=\"wp-block-image\"><figure class=\"aligncenter\"><img loading=\"lazy\" decoding=\"async\" width=\"691\" height=\"466\" src=\"https:\/\/der-homberger.de\/wp-content\/uploads\/Screenshot_2019-10-20-\u201eDer-Homberger-034-sucht-TAXIFAHRER\u2757\ufe0f-Minijob-Vollzeit-Teilzeit-1.png\" alt=\"\" class=\"wp-image-860\" srcset=\"https:\/\/der-homberger.de\/wp-content\/uploads\/Screenshot_2019-10-20-\u201eDer-Homberger-034-sucht-TAXIFAHRER\u2757\ufe0f-Minijob-Vollzeit-Teilzeit-1.png 691w, https:\/\/der-homberger.de\/wp-content\/uploads\/Screenshot_2019-10-20-\u201eDer-Homberger-034-sucht-TAXIFAHRER\u2757\ufe0f-Minijob-Vollzeit-Teilzeit-1-150x101.png 150w, https:\/\/der-homberger.de\/wp-content\/uploads\/Screenshot_2019-10-20-\u201eDer-Homberger-034-sucht-TAXIFAHRER\u2757\ufe0f-Minijob-Vollzeit-Teilzeit-1-300x202.png 300w, https:\/\/der-homberger.de\/wp-content\/uploads\/Screenshot_2019-10-20-\u201eDer-Homberger-034-sucht-TAXIFAHRER\u2757\ufe0f-Minijob-Vollzeit-Teilzeit-1-272x182.png 272w\" sizes=\"auto, (max-width: 691px) 100vw, 691px\" \/><figcaption> <\/figcaption><\/figure><\/div>\n\n\n\n<p align=\"justify\">SIE m\u00f6chten Geld verdienen? Sie fahren gerne Auto? Sie m\u00f6gen es, mit Menschen zu tun zu haben?<br data-rich-text-line-break=\"true\"><br data-rich-text-line-break=\"true\">WIR suchen neue, motivierte Leute f\u00fcr unser Team!<br data-rich-text-line-break=\"true\">WIR bieten: Vollzeit, Teilzeit, Minijob, Tag-\/Nachtschicht \u2013 Taxi- und Mietwagen.<br data-rich-text-line-break=\"true\"><br data-rich-text-line-break=\"true\">Bei den Arbeitszeiten sind wir flexibel: Mittwochs k\u00f6nnen Sie nicht, weil Sie zum Fu\u00dfballtraining gehen? Donnerstags gehen Sie mit\/f\u00fcr Ihre Mutter einkaufen und helfen ihr im Haushalt \u2013 da k\u00f6nnen Sie also auch nicht? Sie wollen eigentlich sowieso nur freitags oder nur einmal im Monat? Kein Problem! Wir sind flexibel. Erstmal sprechen, dann schauen wir weiter.<br data-rich-text-line-break=\"true\"><br data-rich-text-line-break=\"true\">Einfach H\u00f6rer in die Hand nehmen und anrufen! Gerne auch schriftliche Bewerbung an: Der Homberger, \u201eBewerbung\u201c, Baumstra\u00dfe 20, 47198 Duisburg<br data-rich-text-line-break=\"true\"><br data-rich-text-line-break=\"true\">Voraussetzung:<br data-rich-text-line-break=\"true\">gute deutsche Sprachkenntnisse,<br data-rich-text-line-break=\"true\">Personenbef\u00f6rderungsschein,<br data-rich-text-line-break=\"true\">Ortskenntnispr\u00fcfung Duisburg<br data-rich-text-line-break=\"true\"><br data-rich-text-line-break=\"true\">Taxischein\/Ortkenntnispr\u00fcfung noch nicht vorhanden? Bei Fragen rund um den Personenbef\u00f6rderungsschein helfen wir Ihnen gerne weiter. Rufen Sie einfach mal an unter: 02066 55555.<\/p>\n","protected":false},"excerpt":{"rendered":"<p>SIE m\u00f6chten Geld verdienen? Sie fahren gerne Auto? Sie m\u00f6gen es, mit Menschen zu tun zu haben?WIR suchen neue, motivierte Leute f\u00fcr unser Team!WIR bieten: Vollzeit, Teilzeit, Minijob, Tag-\/Nachtschicht \u2013 Taxi- und Mietwagen.Bei den Arbeitszeiten sind wir flexibel: Mittwochs k\u00f6nnen Sie nicht, weil Sie zum Fu\u00dfballtraining gehen? Donnerstags gehen Sie mit\/f\u00fcr Ihre Mutter einkaufen und [&hellip;]<\/p>\n","protected":false},"author":2,"featured_media":0,"parent":509,"menu_order":2,"comment_status":"closed","ping_status":"closed","template":"templates\/template-full.php","meta":{"ngg_post_thumbnail":0,"footnotes":""},"class_list":["post-843","page","type-page","status-publish","hentry","post"],"_links":{"self":[{"href":"https:\/\/der-homberger.de\/index.php?rest_route=\/wp\/v2\/pages\/843","targetHints":{"allow":["GET"]}}],"collection":[{"href":"https:\/\/der-homberger.de\/index.php?rest_route=\/wp\/v2\/pages"}],"about":[{"href":"https:\/\/der-homberger.de\/index.php?rest_route=\/wp\/v2\/types\/page"}],"author":[{"embeddable":true,"href":"https:\/\/der-homberger.de\/index.php?rest_route=\/wp\/v2\/users\/2"}],"replies":[{"embeddable":true,"href":"https:\/\/der-homberger.de\/index.php?rest_route=%2Fwp%2Fv2%2Fcomments&post=843"}],"version-history":[{"count":5,"href":"https:\/\/der-homberger.de\/index.php?rest_route=\/wp\/v2\/pages\/843\/revisions"}],"predecessor-version":[{"id":1374,"href":"https:\/\/der-homberger.de\/index.php?rest_route=\/wp\/v2\/pages\/843\/revisions\/1374"}],"up":[{"embeddable":true,"href":"https:\/\/der-homberger.de\/index.php?rest_route=\/wp\/v2\/pages\/509"}],"wp:attachment":[{"href":"https:\/\/der-homberger.de\/index.php?rest_route=%2Fwp%2Fv2%2Fmedia&parent=843"}],"curies":[{"name":"wp","href":"https:\/\/api.w.org\/{rel}","templated":true}]}}