{"id":505,"date":"2019-09-03T17:47:55","date_gmt":"2019-09-03T17:47:55","guid":{"rendered":"http:\/\/der-homberger.de\/?page_id=505"},"modified":"2019-11-26T21:16:32","modified_gmt":"2019-11-26T21:16:32","slug":"unser-tipp","status":"publish","type":"page","link":"https:\/\/der-homberger.de\/?page_id=505","title":{"rendered":"Unsere Tipps f\u00fcr Sie"},"content":{"rendered":"\n<hr class=\"wp-block-separator\"\/>\n\n\n\n<div class=\"wp-block-image\"><figure class=\"aligncenter\"><img loading=\"lazy\" decoding=\"async\" width=\"1024\" height=\"265\" src=\"https:\/\/der-homberger.de\/wp-content\/uploads\/header-kulturbus-1024x265.jpg\" alt=\"\" class=\"wp-image-749\" srcset=\"https:\/\/der-homberger.de\/wp-content\/uploads\/header-kulturbus-1024x265.jpg 1024w, https:\/\/der-homberger.de\/wp-content\/uploads\/header-kulturbus-150x39.jpg 150w, https:\/\/der-homberger.de\/wp-content\/uploads\/header-kulturbus-300x78.jpg 300w, https:\/\/der-homberger.de\/wp-content\/uploads\/header-kulturbus-768x199.jpg 768w, https:\/\/der-homberger.de\/wp-content\/uploads\/header-kulturbus.jpg 1265w\" sizes=\"auto, (max-width: 1024px) 100vw, 1024px\" \/><\/figure><\/div>\n\n\n\n<p align=\"justify\">Sind Sie Lehrer(in) oder Erzieher(in)? Wollen Sie ein wenig Farbe und Abenteuer in den Lehralltag bringen? Wollen Sie mit Ihren Kindern mal wieder einen Ausflug machen und ihnen mit Spa\u00df &#8211; aber erschwinglich &#8211; Kultur n\u00e4her bringen? Dann ist unser <strong><a href=\"https:\/\/der-homberger.de\/?page_id=736\">KULTURBUS<\/a> <\/strong>genau das Richtige f\u00fcr Sie! F\u00fcr nur 150,- Euro k\u00f6nnen Sie im eigenen Linienbus beliebte Ziele innerhalb Duisburgs ansteuern: Zoo Duisburg, Stadttheater Duisburg, verschiedene Museen, Duisburgs Zentralbibliothek.&nbsp;<a href=\"https:\/\/der-homberger.de\/?page_id=736\">Mehr dazu &#8230;<\/a><\/p>\n\n\n\n<hr class=\"wp-block-separator\"\/>\n\n\n<p align=\"justify\">Wir bieten derzeit Rabatte f\u00fcr vorbestellte Fahrten an. Informieren Sie sich \u00fcber unsere <a href=\"https:\/\/der-homberger.de\/?page_id=1463\" target=\"_blank\" rel=\"noopener noreferrer\">Seniorenfahrten<\/a> und \u00fcber unseren bew\u00e4hrten <a href=\"https:\/\/der-homberger.de\/?page_id=1453\" target=\"_blank\" rel=\"noopener noreferrer\">Teeniefahrten.<\/a><\/p>","protected":false},"excerpt":{"rendered":"<p>Sind Sie Lehrer(in) oder Erzieher(in)? Wollen Sie ein wenig Farbe und Abenteuer in den Lehralltag bringen? Wollen Sie mit Ihren Kindern mal wieder einen Ausflug machen und ihnen mit Spa\u00df &#8211; aber erschwinglich &#8211; Kultur n\u00e4her bringen? Dann ist unser KULTURBUS genau das Richtige f\u00fcr Sie! F\u00fcr nur 150,- Euro k\u00f6nnen Sie im eigenen Linienbus [&hellip;]<\/p>\n","protected":false},"author":2,"featured_media":0,"parent":0,"menu_order":0,"comment_status":"closed","ping_status":"closed","template":"","meta":{"ngg_post_thumbnail":0,"footnotes":""},"class_list":["post-505","page","type-page","status-publish","hentry","post"],"_links":{"self":[{"href":"https:\/\/der-homberger.de\/index.php?rest_route=\/wp\/v2\/pages\/505","targetHints":{"allow":["GET"]}}],"collection":[{"href":"https:\/\/der-homberger.de\/index.php?rest_route=\/wp\/v2\/pages"}],"about":[{"href":"https:\/\/der-homberger.de\/index.php?rest_route=\/wp\/v2\/types\/page"}],"author":[{"embeddable":true,"href":"https:\/\/der-homberger.de\/index.php?rest_route=\/wp\/v2\/users\/2"}],"replies":[{"embeddable":true,"href":"https:\/\/der-homberger.de\/index.php?rest_route=%2Fwp%2Fv2%2Fcomments&post=505"}],"version-history":[{"count":40,"href":"https:\/\/der-homberger.de\/index.php?rest_route=\/wp\/v2\/pages\/505\/revisions"}],"predecessor-version":[{"id":1486,"href":"https:\/\/der-homberger.de\/index.php?rest_route=\/wp\/v2\/pages\/505\/revisions\/1486"}],"wp:attachment":[{"href":"https:\/\/der-homberger.de\/index.php?rest_route=%2Fwp%2Fv2%2Fmedia&parent=505"}],"curies":[{"name":"wp","href":"https:\/\/api.w.org\/{rel}","templated":true}]}}