{"id":333,"date":"2018-09-10T17:46:03","date_gmt":"2018-09-10T17:46:03","guid":{"rendered":"http:\/\/der-homberger.de\/?page_id=333"},"modified":"2019-10-23T19:34:56","modified_gmt":"2019-10-23T19:34:56","slug":"krankenfahrten","status":"publish","type":"page","link":"https:\/\/der-homberger.de\/?page_id=333","title":{"rendered":"Krankenfahrten"},"content":{"rendered":"\n<p align=\"justify\">Krankentransporte erleichtern den Arztbesuch oder den Weg in ein Krankenhaus. Unsere hilfsbereiten Fahrer gehen Ihnen dabei sicher zur Hand.<\/p>\n\n\n\n<p align=\"justify\">Sie k\u00f6nnen daf\u00fcr erst bei Ihrem Arzt einen Transportschein beantragen, diesen von Ihrer Krankenkasse genehmigen lassen. Anschlie\u00dfend geben Sie diese Unterlagen dem Taxifahrer. Der unbelasteten Fahrt steht nun nichts mehr im Wege. Wir werden die Fahrt(en) direkt mit Ihrer Krankenkasse abrechnen.<\/p>\n\n\n\n<p><strong>Diese Fahrten gelten als Krankentransporte und k\u00f6nnen bei Ihrer Krankenkasse beantragt werden:<\/strong><\/p>\n\n\n\n<ul class=\"wp-block-list\"><li>zu ambulanten Behandlungen<\/li><li>zu ambulanten Operationen oder Tageskliniken<\/li><li>zu station\u00e4ren Behandlungen<\/li><li>zu Strahlen- oder Chemotherapien<\/li><li>zur Dialyse<\/li><\/ul>\n\n\n\n<div class=\"wp-block-image\"><figure class=\"aligncenter\"><img loading=\"lazy\" decoding=\"async\" width=\"799\" height=\"229\" src=\"https:\/\/der-homberger.de\/wp-content\/uploads\/Taxiruf.jpg\" alt=\"\" class=\"wp-image-1141\" srcset=\"https:\/\/der-homberger.de\/wp-content\/uploads\/Taxiruf.jpg 799w, https:\/\/der-homberger.de\/wp-content\/uploads\/Taxiruf-150x43.jpg 150w, https:\/\/der-homberger.de\/wp-content\/uploads\/Taxiruf-300x86.jpg 300w, https:\/\/der-homberger.de\/wp-content\/uploads\/Taxiruf-768x220.jpg 768w\" sizes=\"auto, (max-width: 799px) 100vw, 799px\" \/><figcaption><strong> IHR TAXIRUF!<\/strong><br>Damit Sie Ihren Arzttermin p\u00fcnktlich wahrnehmen k\u00f6nnen, bitten wir Sie, fr\u00fchzeitig zu reservieren. <\/figcaption><\/figure><\/div>\n\n\n\n<p align=\"justify\">F\u00fcr Krankenfahrten entsteht ein geringer Eigenanteil f\u00fcr den Fahrgast. Gegebenenfalls k\u00f6nnen Sie sich von Ihrer Krankenkasse davon befreien lassen. Fragen Sie dort bitte gezielt nach.<\/p>\n","protected":false},"excerpt":{"rendered":"<p>Krankentransporte erleichtern den Arztbesuch oder den Weg in ein Krankenhaus. Unsere hilfsbereiten Fahrer gehen Ihnen dabei sicher zur Hand. Sie k\u00f6nnen daf\u00fcr erst bei Ihrem Arzt einen Transportschein beantragen, diesen von Ihrer Krankenkasse genehmigen lassen. Anschlie\u00dfend geben Sie diese Unterlagen dem Taxifahrer. Der unbelasteten Fahrt steht nun nichts mehr im Wege. Wir werden die Fahrt(en) [&hellip;]<\/p>\n","protected":false},"author":2,"featured_media":0,"parent":0,"menu_order":0,"comment_status":"closed","ping_status":"closed","template":"","meta":{"ngg_post_thumbnail":0,"footnotes":""},"class_list":["post-333","page","type-page","status-publish","hentry","post"],"_links":{"self":[{"href":"https:\/\/der-homberger.de\/index.php?rest_route=\/wp\/v2\/pages\/333","targetHints":{"allow":["GET"]}}],"collection":[{"href":"https:\/\/der-homberger.de\/index.php?rest_route=\/wp\/v2\/pages"}],"about":[{"href":"https:\/\/der-homberger.de\/index.php?rest_route=\/wp\/v2\/types\/page"}],"author":[{"embeddable":true,"href":"https:\/\/der-homberger.de\/index.php?rest_route=\/wp\/v2\/users\/2"}],"replies":[{"embeddable":true,"href":"https:\/\/der-homberger.de\/index.php?rest_route=%2Fwp%2Fv2%2Fcomments&post=333"}],"version-history":[{"count":11,"href":"https:\/\/der-homberger.de\/index.php?rest_route=\/wp\/v2\/pages\/333\/revisions"}],"predecessor-version":[{"id":1196,"href":"https:\/\/der-homberger.de\/index.php?rest_route=\/wp\/v2\/pages\/333\/revisions\/1196"}],"wp:attachment":[{"href":"https:\/\/der-homberger.de\/index.php?rest_route=%2Fwp%2Fv2%2Fmedia&parent=333"}],"curies":[{"name":"wp","href":"https:\/\/api.w.org\/{rel}","templated":true}]}}