{"id":331,"date":"2018-09-10T17:45:48","date_gmt":"2018-09-10T17:45:48","guid":{"rendered":"http:\/\/der-homberger.de\/?page_id=331"},"modified":"2019-10-23T19:32:16","modified_gmt":"2019-10-23T19:32:16","slug":"personenbefoerderung-2","status":"publish","type":"page","link":"https:\/\/der-homberger.de\/?page_id=331","title":{"rendered":"Personenbef\u00f6rderung"},"content":{"rendered":"\n<p align=\"justify\">Wenn Sie mit uns fahren, passen wir uns ganz Ihren W\u00fcnschen an und bringen Sie p\u00fcnktlich, sicher und immer unter Ber\u00fccksichtigung der aktuellen Verkehrslage an Ihr Ziel.<\/p>\n<p align=\"justify\">Dazu stehen in unserer Flotte neben den normalen Taxis auch Gro\u00dfraumwagen bereit, die eine Gruppe von bis zu acht Personen aufnehmen k\u00f6nnen. Ideal also f\u00fcr Familien oder Kleingruppen, die unkompliziert zu ihrem Wunschziel kommen wollen. <\/p>\n<p>Gerne k\u00f6nnen Sie f\u00fcr Ihre Fahrt ein Taxi reservieren.<\/p>\n\n\n\n<div class=\"wp-block-image\"><figure class=\"aligncenter\"><img loading=\"lazy\" decoding=\"async\" width=\"799\" height=\"229\" src=\"https:\/\/der-homberger.de\/wp-content\/uploads\/Taxiruf.jpg\" alt=\"\" class=\"wp-image-1141\" srcset=\"https:\/\/der-homberger.de\/wp-content\/uploads\/Taxiruf.jpg 799w, https:\/\/der-homberger.de\/wp-content\/uploads\/Taxiruf-150x43.jpg 150w, https:\/\/der-homberger.de\/wp-content\/uploads\/Taxiruf-300x86.jpg 300w, https:\/\/der-homberger.de\/wp-content\/uploads\/Taxiruf-768x220.jpg 768w\" sizes=\"auto, (max-width: 799px) 100vw, 799px\" \/><figcaption><strong>IHR Taxiruf!<\/strong><\/figcaption><\/figure><\/div>\n\n\n\n<p>Wir bieten Nah- und Fernfahrten in verschiedenen Fahrzeuggr\u00f6\u00dfen an:<\/p>\n<ul>\n<li>Klassisches Taxi: PKW bis 4 Personen<\/li>\n<li>Gro\u00dfraumtaxi bis 7 Personen<\/li>\n<li>Kleinbusse: kleiner Mercedes Sprinter f\u00fcr 8 Personen oder gro\u00dfer Mercedes Sprinter f\u00fcr bis zu 23 Personen<\/li>\n<li>Reisebusse: 28 bis 50 Personen<\/li>\n<\/ul>\n","protected":false},"excerpt":{"rendered":"<p>Wenn Sie mit uns fahren, passen wir uns ganz Ihren W\u00fcnschen an und bringen Sie p\u00fcnktlich, sicher und immer unter Ber\u00fccksichtigung der aktuellen Verkehrslage an Ihr Ziel. Dazu stehen in unserer Flotte neben den normalen Taxis auch Gro\u00dfraumwagen bereit, die eine Gruppe von bis zu acht Personen aufnehmen k\u00f6nnen. Ideal also f\u00fcr Familien oder Kleingruppen, [&hellip;]<\/p>\n","protected":false},"author":2,"featured_media":0,"parent":0,"menu_order":0,"comment_status":"closed","ping_status":"closed","template":"","meta":{"ngg_post_thumbnail":0,"footnotes":""},"class_list":["post-331","page","type-page","status-publish","hentry","post"],"_links":{"self":[{"href":"https:\/\/der-homberger.de\/index.php?rest_route=\/wp\/v2\/pages\/331","targetHints":{"allow":["GET"]}}],"collection":[{"href":"https:\/\/der-homberger.de\/index.php?rest_route=\/wp\/v2\/pages"}],"about":[{"href":"https:\/\/der-homberger.de\/index.php?rest_route=\/wp\/v2\/types\/page"}],"author":[{"embeddable":true,"href":"https:\/\/der-homberger.de\/index.php?rest_route=\/wp\/v2\/users\/2"}],"replies":[{"embeddable":true,"href":"https:\/\/der-homberger.de\/index.php?rest_route=%2Fwp%2Fv2%2Fcomments&post=331"}],"version-history":[{"count":19,"href":"https:\/\/der-homberger.de\/index.php?rest_route=\/wp\/v2\/pages\/331\/revisions"}],"predecessor-version":[{"id":1193,"href":"https:\/\/der-homberger.de\/index.php?rest_route=\/wp\/v2\/pages\/331\/revisions\/1193"}],"wp:attachment":[{"href":"https:\/\/der-homberger.de\/index.php?rest_route=%2Fwp%2Fv2%2Fmedia&parent=331"}],"curies":[{"name":"wp","href":"https:\/\/api.w.org\/{rel}","templated":true}]}}