{"id":258,"date":"2018-09-04T16:26:19","date_gmt":"2018-09-04T16:26:19","guid":{"rendered":"http:\/\/der-homberger.de\/?page_id=258"},"modified":"2020-09-16T10:57:51","modified_gmt":"2020-09-16T10:57:51","slug":"historie","status":"publish","type":"page","link":"https:\/\/der-homberger.de\/?page_id=258","title":{"rendered":"Historie"},"content":{"rendered":"\n<p>Willi Schmitz machte seine Leidenschaft f\u00fcr Autos zum Beruf &#8211; nein, eigentlich sogar zu seiner Berufung!<\/p>\n\n\n\n<figure class=\"wp-block-gallery columns-3 is-cropped wp-block-gallery-1 is-layout-flex wp-block-gallery-is-layout-flex\"><ul class=\"blocks-gallery-grid\"><li class=\"blocks-gallery-item\"><figure><img loading=\"lazy\" decoding=\"async\" width=\"1024\" height=\"622\" src=\"https:\/\/der-homberger.de\/wp-content\/uploads\/Fotos-2-am-10.09.2020-15_31_48-1024x622.jpg\" alt=\"\" data-id=\"1580\" data-link=\"https:\/\/der-homberger.de\/?attachment_id=1580#main\" class=\"wp-image-1580\" srcset=\"https:\/\/der-homberger.de\/wp-content\/uploads\/Fotos-2-am-10.09.2020-15_31_48-1024x622.jpg 1024w, https:\/\/der-homberger.de\/wp-content\/uploads\/Fotos-2-am-10.09.2020-15_31_48-300x182.jpg 300w, https:\/\/der-homberger.de\/wp-content\/uploads\/Fotos-2-am-10.09.2020-15_31_48-150x91.jpg 150w, https:\/\/der-homberger.de\/wp-content\/uploads\/Fotos-2-am-10.09.2020-15_31_48-768x466.jpg 768w, https:\/\/der-homberger.de\/wp-content\/uploads\/Fotos-2-am-10.09.2020-15_31_48-1536x932.jpg 1536w, https:\/\/der-homberger.de\/wp-content\/uploads\/Fotos-2-am-10.09.2020-15_31_48-2048x1243.jpg 2048w\" sizes=\"auto, (max-width: 1024px) 100vw, 1024px\" \/><figcaption class=\"blocks-gallery-item__caption\">Gr\u00fcnder: das Ehepaar Kaesler stolz vor dem ersten Wagen<\/figcaption><\/figure><\/li><li class=\"blocks-gallery-item\"><figure><img loading=\"lazy\" decoding=\"async\" width=\"1024\" height=\"724\" src=\"https:\/\/der-homberger.de\/wp-content\/uploads\/Foto-am-10.09.2020-15_32_23-1024x724.jpg\" alt=\"\" data-id=\"1579\" data-link=\"https:\/\/der-homberger.de\/?attachment_id=1579#main\" class=\"wp-image-1579\" srcset=\"https:\/\/der-homberger.de\/wp-content\/uploads\/Foto-am-10.09.2020-15_32_23-1024x724.jpg 1024w, https:\/\/der-homberger.de\/wp-content\/uploads\/Foto-am-10.09.2020-15_32_23-300x212.jpg 300w, https:\/\/der-homberger.de\/wp-content\/uploads\/Foto-am-10.09.2020-15_32_23-150x106.jpg 150w, https:\/\/der-homberger.de\/wp-content\/uploads\/Foto-am-10.09.2020-15_32_23-768x543.jpg 768w, https:\/\/der-homberger.de\/wp-content\/uploads\/Foto-am-10.09.2020-15_32_23-1536x1085.jpg 1536w, https:\/\/der-homberger.de\/wp-content\/uploads\/Foto-am-10.09.2020-15_32_23-2048x1447.jpg 2048w\" sizes=\"auto, (max-width: 1024px) 100vw, 1024px\" \/><figcaption class=\"blocks-gallery-item__caption\">unserer erste Zentrale &#8222;Kaeseler&#8220; in Duisburg Laar<\/figcaption><\/figure><\/li><li class=\"blocks-gallery-item\"><figure><img loading=\"lazy\" decoding=\"async\" width=\"1024\" height=\"716\" src=\"https:\/\/der-homberger.de\/wp-content\/uploads\/IMG_2823-1024x716.jpeg\" alt=\"\" data-id=\"1094\" data-link=\"https:\/\/der-homberger.de\/?attachment_id=1094#main\" class=\"wp-image-1094\" srcset=\"https:\/\/der-homberger.de\/wp-content\/uploads\/IMG_2823-1024x716.jpeg 1024w, https:\/\/der-homberger.de\/wp-content\/uploads\/IMG_2823-150x105.jpeg 150w, https:\/\/der-homberger.de\/wp-content\/uploads\/IMG_2823-300x210.jpeg 300w, https:\/\/der-homberger.de\/wp-content\/uploads\/IMG_2823-768x537.jpeg 768w\" sizes=\"auto, (max-width: 1024px) 100vw, 1024px\" \/><figcaption class=\"blocks-gallery-item__caption\">Autos waren schon immer sein &#8222;Ding&#8220;.<\/figcaption><\/figure><\/li><li class=\"blocks-gallery-item\"><figure><img loading=\"lazy\" decoding=\"async\" width=\"1024\" height=\"701\" src=\"https:\/\/der-homberger.de\/wp-content\/uploads\/IMG_2821-1-1024x701.jpeg\" alt=\"\" data-id=\"1107\" data-link=\"https:\/\/der-homberger.de\/?attachment_id=1107#main\" class=\"wp-image-1107\" srcset=\"https:\/\/der-homberger.de\/wp-content\/uploads\/IMG_2821-1-1024x701.jpeg 1024w, https:\/\/der-homberger.de\/wp-content\/uploads\/IMG_2821-1-150x103.jpeg 150w, https:\/\/der-homberger.de\/wp-content\/uploads\/IMG_2821-1-300x205.jpeg 300w, https:\/\/der-homberger.de\/wp-content\/uploads\/IMG_2821-1-768x526.jpeg 768w\" sizes=\"auto, (max-width: 1024px) 100vw, 1024px\" \/><figcaption class=\"blocks-gallery-item__caption\">Willi in seiner Werkstatt.<\/figcaption><\/figure><\/li><li class=\"blocks-gallery-item\"><figure><img loading=\"lazy\" decoding=\"async\" width=\"1024\" height=\"724\" src=\"https:\/\/der-homberger.de\/wp-content\/uploads\/Foto-am-10.09.2020-16_57_57-1024x724.jpg\" alt=\"\" data-id=\"1583\" data-full-url=\"https:\/\/der-homberger.de\/wp-content\/uploads\/Foto-am-10.09.2020-16_57_57.jpg\" data-link=\"https:\/\/der-homberger.de\/?attachment_id=1583#main\" class=\"wp-image-1583\" srcset=\"https:\/\/der-homberger.de\/wp-content\/uploads\/Foto-am-10.09.2020-16_57_57-1024x724.jpg 1024w, https:\/\/der-homberger.de\/wp-content\/uploads\/Foto-am-10.09.2020-16_57_57-300x212.jpg 300w, https:\/\/der-homberger.de\/wp-content\/uploads\/Foto-am-10.09.2020-16_57_57-150x106.jpg 150w, https:\/\/der-homberger.de\/wp-content\/uploads\/Foto-am-10.09.2020-16_57_57-768x543.jpg 768w, https:\/\/der-homberger.de\/wp-content\/uploads\/Foto-am-10.09.2020-16_57_57-1536x1086.jpg 1536w, https:\/\/der-homberger.de\/wp-content\/uploads\/Foto-am-10.09.2020-16_57_57-2048x1447.jpg 2048w\" sizes=\"auto, (max-width: 1024px) 100vw, 1024px\" \/><figcaption class=\"blocks-gallery-item__caption\">Selber in Sindelfingen abgeholt: Willi nimmt den nagelneuen Wagen in Empfang.<\/figcaption><\/figure><\/li><\/ul><\/figure>\n\n\n\n<p align=\"justify\">Die Keimzelle war eine Tankstelle in Duisburg Meiderich. 1979 kaufte Willi Schmitz \u201eKaeseler\u201c (in den 50ern gegr\u00fcndeter Taxi-Betrieb) und legte damit den Grundstein f\u00fcr sein florierendes Familienunternehmen <strong>DER HOMBERGER<\/strong>. Der Betriebshof in Duisburg-Laar bot zu dieser Zeit noch genug Platz. Von dort schickt er Taxis und Mietwagen aus Duisburg-Laar zur Personenbef\u00f6rderung durch ganz Duisburg und Umgebung. Er lie\u00df es sich nat\u00fcrlich nicht nehmen, immer viel und gerne auch selber auf dem Taxibock zu sitzen.<\/p>\n\n\n\n<div class=\"wp-block-image\"><figure class=\"aligncenter is-resized\"><img loading=\"lazy\" decoding=\"async\" src=\"https:\/\/der-homberger.de\/wp-content\/uploads\/IMG_2822-1024x768.jpeg\" alt=\"\" class=\"wp-image-1093\" width=\"456\" height=\"342\" srcset=\"https:\/\/der-homberger.de\/wp-content\/uploads\/IMG_2822-1024x768.jpeg 1024w, https:\/\/der-homberger.de\/wp-content\/uploads\/IMG_2822-150x113.jpeg 150w, https:\/\/der-homberger.de\/wp-content\/uploads\/IMG_2822-300x225.jpeg 300w, https:\/\/der-homberger.de\/wp-content\/uploads\/IMG_2822-768x576.jpeg 768w, https:\/\/der-homberger.de\/wp-content\/uploads\/IMG_2822.jpeg 2048w\" sizes=\"auto, (max-width: 456px) 100vw, 456px\" \/><figcaption>Die Tankstelle in Duisburg-Meiderich.<\/figcaption><\/figure><\/div>\n\n\n\n<p align=\"justify\">Sp\u00e4ter kaufte Willi Schmitz noch die Firmen Kesselheim und W\u00e4lde dazu. Er erweitere das Gesch\u00e4ft und war nun auch in der Reisebusbranche. Mitte der 80er \u00fcbernahm er im Auftrag der DVG (Duisburger Verkehrsbetriebe Gesellschaft) immer mehr Linien. Dies ist bis heute ein wichtiger Zweig von <strong>DER HOMBERGER.<\/strong><\/p>\n<p align=\"justify\"><strong>DER HOMBEGER<\/strong> betrieb viele Jahre die Hauptzentrale in Duisburg-Laar, dazu kam sp\u00e4ter ein Standort in Duisburg-Hochheide, Firmensitz war inzwischen Duisburg-Essenberg, Kaiserstra\u00dfe: Der Schritt \u00fcber den Rhein war schon einmal geschafft!<\/p>\n\n\n\n<figure class=\"wp-block-gallery columns-2 is-cropped wp-block-gallery-2 is-layout-flex wp-block-gallery-is-layout-flex\"><ul class=\"blocks-gallery-grid\"><li class=\"blocks-gallery-item\"><figure><img loading=\"lazy\" decoding=\"async\" width=\"1024\" height=\"723\" src=\"https:\/\/der-homberger.de\/wp-content\/uploads\/Scannable-Dokument-am-23.10.2019-10_28_07-1024x723.jpg\" alt=\"\" data-id=\"1101\" data-link=\"https:\/\/der-homberger.de\/?attachment_id=1101#main\" class=\"wp-image-1101\" srcset=\"https:\/\/der-homberger.de\/wp-content\/uploads\/Scannable-Dokument-am-23.10.2019-10_28_07-1024x723.jpg 1024w, https:\/\/der-homberger.de\/wp-content\/uploads\/Scannable-Dokument-am-23.10.2019-10_28_07-150x106.jpg 150w, https:\/\/der-homberger.de\/wp-content\/uploads\/Scannable-Dokument-am-23.10.2019-10_28_07-300x212.jpg 300w, https:\/\/der-homberger.de\/wp-content\/uploads\/Scannable-Dokument-am-23.10.2019-10_28_07-768x542.jpg 768w\" sizes=\"auto, (max-width: 1024px) 100vw, 1024px\" \/><figcaption class=\"blocks-gallery-item__caption\">Willi war stolz auf seinen Fuhrpark.<\/figcaption><\/figure><\/li><li class=\"blocks-gallery-item\"><figure><img loading=\"lazy\" decoding=\"async\" width=\"1024\" height=\"358\" src=\"https:\/\/der-homberger.de\/wp-content\/uploads\/Scannable-Dokument-5-am-08.08.2019-12_39_12-1-e1571831110573-1024x358.jpg\" alt=\"\" data-id=\"1099\" data-link=\"https:\/\/der-homberger.de\/?attachment_id=1099#main\" class=\"wp-image-1099\" srcset=\"https:\/\/der-homberger.de\/wp-content\/uploads\/Scannable-Dokument-5-am-08.08.2019-12_39_12-1-e1571831110573-1024x358.jpg 1024w, https:\/\/der-homberger.de\/wp-content\/uploads\/Scannable-Dokument-5-am-08.08.2019-12_39_12-1-e1571831110573-150x52.jpg 150w, https:\/\/der-homberger.de\/wp-content\/uploads\/Scannable-Dokument-5-am-08.08.2019-12_39_12-1-e1571831110573-300x105.jpg 300w, https:\/\/der-homberger.de\/wp-content\/uploads\/Scannable-Dokument-5-am-08.08.2019-12_39_12-1-e1571831110573-768x269.jpg 768w\" sizes=\"auto, (max-width: 1024px) 100vw, 1024px\" \/><figcaption class=\"blocks-gallery-item__caption\">Schon damals hatte DER HOMBERGER eine beachtliche Flotte.<\/figcaption><\/figure><\/li><\/ul><\/figure>\n\n\n<p align=\"justify\">Mittlerweile platze DER HOMBERGER aus allen N\u00e4hten und 1987 zog Willi Schmitz zum heutigen Firmensitz um. In der Baumstra\u00dfe 20 realisierte er endlich wovon er schon lange getr\u00e4umt hatte: Ein wunderbar gro\u00dfes Firmengel\u00e4nde mit ausreichend viel Platz f\u00fcr alle Betriebsteile: Taxi, Reisebus, Linienbus, Taxizentrale, Werkstatt und Verwaltung. Nach einigen Jahren zur Miete plante er den Kauf des Gel\u00e4ndes. Zusammen mit Tochter Mareike bereitete er alles vor. Doch dann passierte das Unfassbare: Willi Schmitz verstarb pl\u00f6tzlich und v\u00f6llig unerwartet. Familie und Mitarbeiter standen unter Schock. Aber neben der Trauer besch\u00e4ftigte die Belegschaft auch&nbsp; handfeste Fragen: Wie ist es um den Fortbestand der Firma bestellt? Wird es weiter gehen? Und WIE wird es weiter gehen???<\/p>\n\n\n<p align=\"justify\">Tochter Mareike Nu\u00dfbaum nahm das Erbe <strong>Der Homberger<\/strong> an. Sie ergriff tatkr\u00e4ftig das Ruder, \u00fcbernahm die Verantwortung f\u00fcr die Firma und sichert somit rund 100 Mitarbeitern die Arbeitspl\u00e4tze.<\/p>\n\n\n\n<div class=\"wp-block-image\"><figure class=\"aligncenter is-resized\"><img loading=\"lazy\" decoding=\"async\" src=\"https:\/\/der-homberger.de\/wp-content\/uploads\/8dkjlw60k6d-683x1024.jpg\" alt=\"\" class=\"wp-image-1090\" width=\"175\" height=\"262\" srcset=\"https:\/\/der-homberger.de\/wp-content\/uploads\/8dkjlw60k6d-683x1024.jpg 683w, https:\/\/der-homberger.de\/wp-content\/uploads\/8dkjlw60k6d-100x150.jpg 100w, https:\/\/der-homberger.de\/wp-content\/uploads\/8dkjlw60k6d-200x300.jpg 200w, https:\/\/der-homberger.de\/wp-content\/uploads\/8dkjlw60k6d.jpg 720w\" sizes=\"auto, (max-width: 175px) 100vw, 175px\" \/><figcaption>Inhaberin Mareike Nu\u00dfbaum, Diplom-\u00d6konom<\/figcaption><\/figure><\/div>\n","protected":false},"excerpt":{"rendered":"<p>Willi Schmitz machte seine Leidenschaft f\u00fcr Autos zum Beruf &#8211; nein, eigentlich sogar zu seiner Berufung! Die Keimzelle war eine Tankstelle in Duisburg Meiderich. 1979 kaufte Willi Schmitz \u201eKaeseler\u201c (in den 50ern gegr\u00fcndeter Taxi-Betrieb) und legte damit den Grundstein f\u00fcr sein florierendes Familienunternehmen DER HOMBERGER. Der Betriebshof in Duisburg-Laar bot zu dieser Zeit noch genug [&hellip;]<\/p>\n","protected":false},"author":2,"featured_media":382,"parent":0,"menu_order":0,"comment_status":"closed","ping_status":"closed","template":"","meta":{"ngg_post_thumbnail":0,"footnotes":""},"class_list":["post-258","page","type-page","status-publish","has-post-thumbnail","hentry","post","post-with-thumbnail","post-with-thumbnail-large"],"_links":{"self":[{"href":"https:\/\/der-homberger.de\/index.php?rest_route=\/wp\/v2\/pages\/258","targetHints":{"allow":["GET"]}}],"collection":[{"href":"https:\/\/der-homberger.de\/index.php?rest_route=\/wp\/v2\/pages"}],"about":[{"href":"https:\/\/der-homberger.de\/index.php?rest_route=\/wp\/v2\/types\/page"}],"author":[{"embeddable":true,"href":"https:\/\/der-homberger.de\/index.php?rest_route=\/wp\/v2\/users\/2"}],"replies":[{"embeddable":true,"href":"https:\/\/der-homberger.de\/index.php?rest_route=%2Fwp%2Fv2%2Fcomments&post=258"}],"version-history":[{"count":28,"href":"https:\/\/der-homberger.de\/index.php?rest_route=\/wp\/v2\/pages\/258\/revisions"}],"predecessor-version":[{"id":1585,"href":"https:\/\/der-homberger.de\/index.php?rest_route=\/wp\/v2\/pages\/258\/revisions\/1585"}],"wp:featuredmedia":[{"embeddable":true,"href":"https:\/\/der-homberger.de\/index.php?rest_route=\/wp\/v2\/media\/382"}],"wp:attachment":[{"href":"https:\/\/der-homberger.de\/index.php?rest_route=%2Fwp%2Fv2%2Fmedia&parent=258"}],"curies":[{"name":"wp","href":"https:\/\/api.w.org\/{rel}","templated":true}]}}