{"id":240,"date":"2018-09-04T16:11:44","date_gmt":"2018-09-04T16:11:44","guid":{"rendered":"http:\/\/der-homberger.de\/?page_id=240"},"modified":"2019-10-24T17:35:35","modified_gmt":"2019-10-24T17:35:35","slug":"ueber-uns","status":"publish","type":"page","link":"https:\/\/der-homberger.de\/?page_id=240","title":{"rendered":"\u00dcber uns"},"content":{"rendered":"\n<p align=\"justify\">Alle Mitarbeiter haben langj\u00e4hrige Erfahrung und sorgen f\u00fcr Ihre Sicherheit. Jeder einzelne unserer Mitarbeiter identifiziert sich mit unserer Dienstleistung und denkt und handelt kundenorientiert. Wir bieten ein qualitativ hochwertiges Leistungspaket. Dies reicht vom <a href=\"https:\/\/der-homberger.de\/?page_id=333\">Krankentransport<\/a>, <a href=\"https:\/\/der-homberger.de\/?page_id=335\">Flughafentransfer<\/a> oder <a href=\"https:\/\/der-homberger.de\/?page_id=684\">Besorgungsfahrt<\/a> mit dem Taxi \u00fcber den <a href=\"https:\/\/der-homberger.de\/?page_id=81\">Bustransfern<\/a> Ihres Karnevalvereins bis hin zum <a href=\"https:\/\/der-homberger.de\/?page_id=81\">Schulausflug<\/a> der Kinder mit unserem <a href=\"https:\/\/der-homberger.de\/?page_id=736\">Kuturbus.<\/a> Wir stehen Ihnen mit unserem Service bei allen anstehenden Problemen mit individuellen L\u00f6sungen zur Verf\u00fcgung. Unsere Organisation bietet eine Vielzahl unterschiedlicher Dienstleistungen an.&nbsp;<br data-rich-text-line-break=\"true\">St\u00e4ndig bem\u00fchen wir uns um die Verbesserung und Erweiterung unserer Angebotspalette. Optimale Qualit\u00e4tssicherung ist uns nicht genug. Wir arbeiten mit unseren Kunden produktiv an einer nachhaltigen Steigerung unserer Leistung.<\/p>\n\n\n\n\n\n<p><\/p>\n\n\n\n<p>Informieren Sie sich hier <strong>Tel: 02066 1500<\/strong>. Wir sind 24 Stunden f\u00fcr Sie da!<\/p>\n","protected":false},"excerpt":{"rendered":"<p>Alle Mitarbeiter haben langj\u00e4hrige Erfahrung und sorgen f\u00fcr Ihre Sicherheit. Jeder einzelne unserer Mitarbeiter identifiziert sich mit unserer Dienstleistung und denkt und handelt kundenorientiert. Wir bieten ein qualitativ hochwertiges Leistungspaket. Dies reicht vom Krankentransport, Flughafentransfer oder Besorgungsfahrt mit dem Taxi \u00fcber den Bustransfern Ihres Karnevalvereins bis hin zum Schulausflug der Kinder mit unserem Kuturbus. Wir [&hellip;]<\/p>\n","protected":false},"author":2,"featured_media":0,"parent":0,"menu_order":0,"comment_status":"closed","ping_status":"closed","template":"","meta":{"ngg_post_thumbnail":0,"footnotes":""},"class_list":["post-240","page","type-page","status-publish","hentry","post"],"_links":{"self":[{"href":"https:\/\/der-homberger.de\/index.php?rest_route=\/wp\/v2\/pages\/240","targetHints":{"allow":["GET"]}}],"collection":[{"href":"https:\/\/der-homberger.de\/index.php?rest_route=\/wp\/v2\/pages"}],"about":[{"href":"https:\/\/der-homberger.de\/index.php?rest_route=\/wp\/v2\/types\/page"}],"author":[{"embeddable":true,"href":"https:\/\/der-homberger.de\/index.php?rest_route=\/wp\/v2\/users\/2"}],"replies":[{"embeddable":true,"href":"https:\/\/der-homberger.de\/index.php?rest_route=%2Fwp%2Fv2%2Fcomments&post=240"}],"version-history":[{"count":10,"href":"https:\/\/der-homberger.de\/index.php?rest_route=\/wp\/v2\/pages\/240\/revisions"}],"predecessor-version":[{"id":1329,"href":"https:\/\/der-homberger.de\/index.php?rest_route=\/wp\/v2\/pages\/240\/revisions\/1329"}],"wp:attachment":[{"href":"https:\/\/der-homberger.de\/index.php?rest_route=%2Fwp%2Fv2%2Fmedia&parent=240"}],"curies":[{"name":"wp","href":"https:\/\/api.w.org\/{rel}","templated":true}]}}