{"id":1414,"date":"2019-11-07T11:58:54","date_gmt":"2019-11-07T11:58:54","guid":{"rendered":"https:\/\/der-homberger.de\/?page_id=1414"},"modified":"2020-02-22T21:45:20","modified_gmt":"2020-02-22T21:45:20","slug":"unsere-presse","status":"publish","type":"page","link":"https:\/\/der-homberger.de\/?page_id=1414","title":{"rendered":"die Presse  \u00fcber uns"},"content":{"rendered":"\n<p>SO ST\u00dcRMISCH SIND DIE M\u00d6HNEN<\/p>\n\n\n\n<div class=\"wp-block-image\"><figure class=\"aligncenter size-large\"><img loading=\"lazy\" decoding=\"async\" width=\"1024\" height=\"682\" src=\"https:\/\/der-homberger.de\/wp-content\/uploads\/stadtpanorama-die-moehnen-sind-los-1024x682.jpg\" alt=\"\" class=\"wp-image-1538\" srcset=\"https:\/\/der-homberger.de\/wp-content\/uploads\/stadtpanorama-die-moehnen-sind-los-1024x682.jpg 1024w, https:\/\/der-homberger.de\/wp-content\/uploads\/stadtpanorama-die-moehnen-sind-los-300x200.jpg 300w, https:\/\/der-homberger.de\/wp-content\/uploads\/stadtpanorama-die-moehnen-sind-los-150x100.jpg 150w, https:\/\/der-homberger.de\/wp-content\/uploads\/stadtpanorama-die-moehnen-sind-los-768x512.jpg 768w, https:\/\/der-homberger.de\/wp-content\/uploads\/stadtpanorama-die-moehnen-sind-los-1536x1024.jpg 1536w, https:\/\/der-homberger.de\/wp-content\/uploads\/stadtpanorama-die-moehnen-sind-los-272x182.jpg 272w, https:\/\/der-homberger.de\/wp-content\/uploads\/stadtpanorama-die-moehnen-sind-los.jpg 2000w\" sizes=\"auto, (max-width: 1024px) 100vw, 1024px\" \/><figcaption>Stadtpanorama Moers, 20.02.20 &#8211; <a rel=\"noreferrer noopener\" aria-label=\"Zum Artikel mit Bilderstrecke hier klicken. (opens in a new tab)\" href=\"https:\/\/www.stadt-panorama.de\/niederrhein\/so-stuermisch-sind-die-moehnen_aid-49081509\" target=\"_blank\">Zum Artikel mit Bilderstrecke hier klicken.<\/a><\/figcaption><\/figure><\/div>\n\n\n\n<hr class=\"wp-block-separator\"\/>\n\n\n\n<div class=\"wp-block-image\"><figure class=\"aligncenter size-large\"><img loading=\"lazy\" decoding=\"async\" width=\"647\" height=\"734\" src=\"https:\/\/der-homberger.de\/wp-content\/uploads\/894a7fbd-9caa-4e85-9a94-d17541ec6179.jpeg\" alt=\"\" class=\"wp-image-1534\" srcset=\"https:\/\/der-homberger.de\/wp-content\/uploads\/894a7fbd-9caa-4e85-9a94-d17541ec6179.jpeg 647w, https:\/\/der-homberger.de\/wp-content\/uploads\/894a7fbd-9caa-4e85-9a94-d17541ec6179-264x300.jpeg 264w, https:\/\/der-homberger.de\/wp-content\/uploads\/894a7fbd-9caa-4e85-9a94-d17541ec6179-132x150.jpeg 132w\" sizes=\"auto, (max-width: 647px) 100vw, 647px\" \/><figcaption>Rheinische Post Moers<\/figcaption><\/figure><\/div>\n\n\n\n<hr class=\"wp-block-separator\"\/>\n\n\n\n<h5>VERSEHRTEN-SPORTGEMEINSCHAFT RHEINHAUSEN LUD ZUM KOST\u00dcMBALL<\/h5>\n\n\n\n<div class=\"wp-block-image\"><figure class=\"aligncenter size-large\"><img loading=\"lazy\" decoding=\"async\" width=\"1024\" height=\"727\" src=\"https:\/\/der-homberger.de\/wp-content\/uploads\/versehrten-sportgemeinschaft-kostuemfest-1024x727.jpg\" alt=\"\" class=\"wp-image-1541\" srcset=\"https:\/\/der-homberger.de\/wp-content\/uploads\/versehrten-sportgemeinschaft-kostuemfest-1024x727.jpg 1024w, https:\/\/der-homberger.de\/wp-content\/uploads\/versehrten-sportgemeinschaft-kostuemfest-300x213.jpg 300w, https:\/\/der-homberger.de\/wp-content\/uploads\/versehrten-sportgemeinschaft-kostuemfest-150x106.jpg 150w, https:\/\/der-homberger.de\/wp-content\/uploads\/versehrten-sportgemeinschaft-kostuemfest-768x545.jpg 768w, https:\/\/der-homberger.de\/wp-content\/uploads\/versehrten-sportgemeinschaft-kostuemfest-1536x1090.jpg 1536w, https:\/\/der-homberger.de\/wp-content\/uploads\/versehrten-sportgemeinschaft-kostuemfest.jpg 2048w\" sizes=\"auto, (max-width: 1024px) 100vw, 1024px\" \/><figcaption><a href=\"https:\/\/www.lokalkompass.de\/duisburg\/c-vereine-ehrenamt\/vsg-rheinhausen-versehrtensport-gemeinschaft-feierte-ein-farbenfrohes-und-brillantes-kostuemfest_a1295430\" target=\"_blank\" rel=\"noreferrer noopener\" aria-label=\" (opens in a new tab)\"> Link zum Artikel Wochenanzeiger Duisburg (und zur Bilderstrecke)<\/a><\/figcaption><\/figure><\/div>\n\n\n\n<hr class=\"wp-block-separator\"\/>\n\n\n\n<div class=\"wp-block-image\"><figure class=\"aligncenter size-large\"><img loading=\"lazy\" decoding=\"async\" width=\"745\" height=\"1024\" src=\"https:\/\/der-homberger.de\/wp-content\/uploads\/IMG_3799-745x1024.jpeg\" alt=\"\" class=\"wp-image-1527\" srcset=\"https:\/\/der-homberger.de\/wp-content\/uploads\/IMG_3799-745x1024.jpeg 745w, https:\/\/der-homberger.de\/wp-content\/uploads\/IMG_3799-218x300.jpeg 218w, https:\/\/der-homberger.de\/wp-content\/uploads\/IMG_3799-109x150.jpeg 109w, https:\/\/der-homberger.de\/wp-content\/uploads\/IMG_3799-768x1055.jpeg 768w, https:\/\/der-homberger.de\/wp-content\/uploads\/IMG_3799-1118x1536.jpeg 1118w, https:\/\/der-homberger.de\/wp-content\/uploads\/IMG_3799-1490x2048.jpeg 1490w, https:\/\/der-homberger.de\/wp-content\/uploads\/IMG_3799-scaled.jpeg 1863w\" sizes=\"auto, (max-width: 745px) 100vw, 745px\" \/><figcaption>WAZ, 27.01.2020<\/figcaption><\/figure><\/div>\n\n\n\n<hr class=\"wp-block-separator\"\/>\n\n\n\n<div class=\"wp-block-image\"><figure class=\"aligncenter size-large\"><img loading=\"lazy\" decoding=\"async\" width=\"1024\" height=\"538\" src=\"https:\/\/der-homberger.de\/wp-content\/uploads\/w1900_h998_x1672_y878_Prinzenempfang_2020_Stadt-Panorama-92b1940809f10b57-1024x538.jpg\" alt=\"\" class=\"wp-image-1520\" srcset=\"https:\/\/der-homberger.de\/wp-content\/uploads\/w1900_h998_x1672_y878_Prinzenempfang_2020_Stadt-Panorama-92b1940809f10b57-1024x538.jpg 1024w, https:\/\/der-homberger.de\/wp-content\/uploads\/w1900_h998_x1672_y878_Prinzenempfang_2020_Stadt-Panorama-92b1940809f10b57-300x158.jpg 300w, https:\/\/der-homberger.de\/wp-content\/uploads\/w1900_h998_x1672_y878_Prinzenempfang_2020_Stadt-Panorama-92b1940809f10b57-150x79.jpg 150w, https:\/\/der-homberger.de\/wp-content\/uploads\/w1900_h998_x1672_y878_Prinzenempfang_2020_Stadt-Panorama-92b1940809f10b57-768x403.jpg 768w, https:\/\/der-homberger.de\/wp-content\/uploads\/w1900_h998_x1672_y878_Prinzenempfang_2020_Stadt-Panorama-92b1940809f10b57-1536x807.jpg 1536w, https:\/\/der-homberger.de\/wp-content\/uploads\/w1900_h998_x1672_y878_Prinzenempfang_2020_Stadt-Panorama-92b1940809f10b57.jpg 1900w\" sizes=\"auto, (max-width: 1024px) 100vw, 1024px\" \/><figcaption>Foto: NVM\/Hansen &#8211; mit freundlicher Genehmigung der Redaktion Stadt-Panorama<\/figcaption><\/figure><\/div>\n\n\n\n<div class=\"wp-block-image\"><figure class=\"aligncenter size-large\"><a href=\"https:\/\/der-homberger.de\/wp-content\/uploads\/Scannable-Dokument-2-am-20.01.2020-10_30_18.jpeg\" target=\"_blank\" rel=\"noreferrer noopener\"><img loading=\"lazy\" decoding=\"async\" width=\"745\" height=\"1024\" src=\"https:\/\/der-homberger.de\/wp-content\/uploads\/Scannable-Dokument-2-am-20.01.2020-10_30_18-745x1024.jpeg\" alt=\"\" class=\"wp-image-1516\" srcset=\"https:\/\/der-homberger.de\/wp-content\/uploads\/Scannable-Dokument-2-am-20.01.2020-10_30_18-745x1024.jpeg 745w, https:\/\/der-homberger.de\/wp-content\/uploads\/Scannable-Dokument-2-am-20.01.2020-10_30_18-218x300.jpeg 218w, https:\/\/der-homberger.de\/wp-content\/uploads\/Scannable-Dokument-2-am-20.01.2020-10_30_18-109x150.jpeg 109w, https:\/\/der-homberger.de\/wp-content\/uploads\/Scannable-Dokument-2-am-20.01.2020-10_30_18-768x1056.jpeg 768w, https:\/\/der-homberger.de\/wp-content\/uploads\/Scannable-Dokument-2-am-20.01.2020-10_30_18-1117x1536.jpeg 1117w, https:\/\/der-homberger.de\/wp-content\/uploads\/Scannable-Dokument-2-am-20.01.2020-10_30_18.jpeg 1358w\" sizes=\"auto, (max-width: 745px) 100vw, 745px\" \/><\/a><figcaption>Auszug STADT-PANORAMA, 19.01.2020<\/figcaption><\/figure><\/div>\n\n\n\n<div class=\"wp-block-image\"><figure class=\"aligncenter size-large\"><img loading=\"lazy\" decoding=\"async\" width=\"1024\" height=\"686\" src=\"https:\/\/der-homberger.de\/wp-content\/uploads\/w1900_h1272_x1796_y1202_VOW_0916-b5c560ed4eee92a8-1-1024x686.jpg\" alt=\"\" class=\"wp-image-1521\" srcset=\"https:\/\/der-homberger.de\/wp-content\/uploads\/w1900_h1272_x1796_y1202_VOW_0916-b5c560ed4eee92a8-1-1024x686.jpg 1024w, https:\/\/der-homberger.de\/wp-content\/uploads\/w1900_h1272_x1796_y1202_VOW_0916-b5c560ed4eee92a8-1-300x201.jpg 300w, https:\/\/der-homberger.de\/wp-content\/uploads\/w1900_h1272_x1796_y1202_VOW_0916-b5c560ed4eee92a8-1-150x100.jpg 150w, https:\/\/der-homberger.de\/wp-content\/uploads\/w1900_h1272_x1796_y1202_VOW_0916-b5c560ed4eee92a8-1-768x514.jpg 768w, https:\/\/der-homberger.de\/wp-content\/uploads\/w1900_h1272_x1796_y1202_VOW_0916-b5c560ed4eee92a8-1-1536x1028.jpg 1536w, https:\/\/der-homberger.de\/wp-content\/uploads\/w1900_h1272_x1796_y1202_VOW_0916-b5c560ed4eee92a8-1-272x182.jpg 272w, https:\/\/der-homberger.de\/wp-content\/uploads\/w1900_h1272_x1796_y1202_VOW_0916-b5c560ed4eee92a8-1.jpg 1900w\" sizes=\"auto, (max-width: 1024px) 100vw, 1024px\" \/><figcaption> Foto: NVM\/Hansen &#8211; mit freundlicher Genehmigung der Redaktion Stadt-Panorama <\/figcaption><\/figure><\/div>\n\n\n\n<hr class=\"wp-block-separator\"\/>\n\n\n\n<div class=\"wp-block-image\"><figure class=\"aligncenter size-large\"><img loading=\"lazy\" decoding=\"async\" width=\"857\" height=\"1024\" src=\"https:\/\/der-homberger.de\/wp-content\/uploads\/Scannable-Dokument-am-29.01.2020-15_50_24-857x1024.jpeg\" alt=\"\" class=\"wp-image-1530\" srcset=\"https:\/\/der-homberger.de\/wp-content\/uploads\/Scannable-Dokument-am-29.01.2020-15_50_24-857x1024.jpeg 857w, https:\/\/der-homberger.de\/wp-content\/uploads\/Scannable-Dokument-am-29.01.2020-15_50_24-251x300.jpeg 251w, https:\/\/der-homberger.de\/wp-content\/uploads\/Scannable-Dokument-am-29.01.2020-15_50_24-125x150.jpeg 125w, https:\/\/der-homberger.de\/wp-content\/uploads\/Scannable-Dokument-am-29.01.2020-15_50_24-768x918.jpeg 768w, https:\/\/der-homberger.de\/wp-content\/uploads\/Scannable-Dokument-am-29.01.2020-15_50_24-1285x1536.jpeg 1285w, https:\/\/der-homberger.de\/wp-content\/uploads\/Scannable-Dokument-am-29.01.2020-15_50_24-1713x2048.jpeg 1713w\" sizes=\"auto, (max-width: 857px) 100vw, 857px\" \/><figcaption>Rheinische Post Moers, 14.01.2020<\/figcaption><\/figure><\/div>\n\n\n\n<hr class=\"wp-block-separator\"\/>\n\n\n\n<p align=\"justify\">Brauchtum und Werteerhalt werden gro\u00df geschrieben beim HOMBERGER. Mareike Nu\u00dfbaum engagiert sich in Moers als Prinzessin Mareike I. (Session 2019\/2020) und m\u00f6chte ihrem &#8222;Karnevalsvolk&#8220; viel Freude bringen.<\/p>\n\n\n\n<div class=\"wp-block-image\"><figure class=\"aligncenter\"><img loading=\"lazy\" decoding=\"async\" width=\"678\" height=\"958\" src=\"https:\/\/der-homberger.de\/wp-content\/uploads\/IMG_2966.jpeg\" alt=\"\" class=\"wp-image-1422\" srcset=\"https:\/\/der-homberger.de\/wp-content\/uploads\/IMG_2966.jpeg 678w, https:\/\/der-homberger.de\/wp-content\/uploads\/IMG_2966-106x150.jpeg 106w, https:\/\/der-homberger.de\/wp-content\/uploads\/IMG_2966-212x300.jpeg 212w\" sizes=\"auto, (max-width: 678px) 100vw, 678px\" \/><figcaption><a href=\"https:\/\/kgk-moers.de\/index.php\/home1\" target=\"_blank\" rel=\"noreferrer noopener\" aria-label=\"Bald geht es los: Hier gibt es mehr Infos rund um den Moerser Karneval. (opens in a new tab)\">Bald geht es los: Hier gibt es mehr Infos rund um den Moerser Karneval.<\/a><\/figcaption><\/figure><\/div>\n\n\n\n<hr class=\"wp-block-separator\"\/>\n\n\n\n<div class=\"wp-block-image\"><figure class=\"aligncenter\"><img loading=\"lazy\" decoding=\"async\" width=\"732\" height=\"1024\" src=\"https:\/\/der-homberger.de\/wp-content\/uploads\/Scannable-Dokument-am-07.11.2019-11_56_36-732x1024.jpeg\" alt=\"\" class=\"wp-image-1415\" srcset=\"https:\/\/der-homberger.de\/wp-content\/uploads\/Scannable-Dokument-am-07.11.2019-11_56_36-732x1024.jpeg 732w, https:\/\/der-homberger.de\/wp-content\/uploads\/Scannable-Dokument-am-07.11.2019-11_56_36-107x150.jpeg 107w, https:\/\/der-homberger.de\/wp-content\/uploads\/Scannable-Dokument-am-07.11.2019-11_56_36-214x300.jpeg 214w, https:\/\/der-homberger.de\/wp-content\/uploads\/Scannable-Dokument-am-07.11.2019-11_56_36-768x1074.jpeg 768w, https:\/\/der-homberger.de\/wp-content\/uploads\/Scannable-Dokument-am-07.11.2019-11_56_36.jpeg 2043w\" sizes=\"auto, (max-width: 732px) 100vw, 732px\" \/><figcaption>Stadt-Panorama, 02. Juni 2019<\/figcaption><\/figure><\/div>\n\n\n","protected":false},"excerpt":{"rendered":"<p>SO ST\u00dcRMISCH SIND DIE M\u00d6HNEN VERSEHRTEN-SPORTGEMEINSCHAFT RHEINHAUSEN LUD ZUM KOST\u00dcMBALL Brauchtum und Werteerhalt werden gro\u00df geschrieben beim HOMBERGER. Mareike Nu\u00dfbaum engagiert sich in Moers als Prinzessin Mareike I. (Session 2019\/2020) und m\u00f6chte ihrem &#8222;Karnevalsvolk&#8220; viel Freude bringen.<\/p>\n","protected":false},"author":2,"featured_media":0,"parent":0,"menu_order":0,"comment_status":"closed","ping_status":"closed","template":"","meta":{"ngg_post_thumbnail":0,"footnotes":""},"class_list":["post-1414","page","type-page","status-publish","hentry","post"],"_links":{"self":[{"href":"https:\/\/der-homberger.de\/index.php?rest_route=\/wp\/v2\/pages\/1414","targetHints":{"allow":["GET"]}}],"collection":[{"href":"https:\/\/der-homberger.de\/index.php?rest_route=\/wp\/v2\/pages"}],"about":[{"href":"https:\/\/der-homberger.de\/index.php?rest_route=\/wp\/v2\/types\/page"}],"author":[{"embeddable":true,"href":"https:\/\/der-homberger.de\/index.php?rest_route=\/wp\/v2\/users\/2"}],"replies":[{"embeddable":true,"href":"https:\/\/der-homberger.de\/index.php?rest_route=%2Fwp%2Fv2%2Fcomments&post=1414"}],"version-history":[{"count":19,"href":"https:\/\/der-homberger.de\/index.php?rest_route=\/wp\/v2\/pages\/1414\/revisions"}],"predecessor-version":[{"id":1567,"href":"https:\/\/der-homberger.de\/index.php?rest_route=\/wp\/v2\/pages\/1414\/revisions\/1567"}],"wp:attachment":[{"href":"https:\/\/der-homberger.de\/index.php?rest_route=%2Fwp%2Fv2%2Fmedia&parent=1414"}],"curies":[{"name":"wp","href":"https:\/\/api.w.org\/{rel}","templated":true}]}}