{"id":138,"date":"2017-06-18T12:32:08","date_gmt":"2017-06-18T12:32:08","guid":{"rendered":"http:\/\/der-homberger.de\/?page_id=138"},"modified":"2026-03-18T09:51:38","modified_gmt":"2026-03-18T09:51:38","slug":"start","status":"publish","type":"page","link":"https:\/\/der-homberger.de\/","title":{"rendered":"Start"},"content":{"rendered":"\n<h3 class=\"wp-block-heading\"><strong>Herzlich Willkommen auf unserer Website!<\/strong><\/h3>\n\n\n<p align=\"justify\"><span style=\"font-size: 14pt;\">&#8222;Der Homberger&#8220; ist Ihr idealer Partner, wenn es um Personenbef\u00f6rderung geht. Sei es als Fahrgast im Taxi durch die Nacht, eine Krankenfahrt zum Hausarzt oder im Kulturbus f\u00fcr Duisburger Schulen zu Duisburger Zielen &#8211; wir bringen alle sicher hin &#8211; und auch wieder zur\u00fcck! Dar\u00fcber hinaus unterst\u00fctzen wir seit Jahren die Verkehrsgesellschaft mit Linienbussen durch Homberg und Umgebung.<\/span><\/p>\n<p align=\"justify\"><span style=\"font-size: 14pt;\">Klicken Sie sich durch unsere Informationen und fordern Sie Ihr pers\u00f6nliches Angebot f\u00fcr eine Fahrt zu Ihrem Wunschziel an.<\/span><\/p>\n\n\n<div class=\"wp-block-file aligncenter\"><a id=\"wp-block-file--media-1beeb93e-a7e4-4b74-8b30-09e0da93d96a\" href=\"https:\/\/der-homberger.de\/wp-content\/uploads\/Flyer-Taxi.pdf\">Taxi-Flyer DER HOMBERGER<\/a><\/div>\n\n\n","protected":false},"excerpt":{"rendered":"<p>Herzlich Willkommen auf unserer Website! &#8222;Der Homberger&#8220; ist Ihr idealer Partner, wenn es um Personenbef\u00f6rderung geht. Sei es als Fahrgast im Taxi durch die Nacht, eine Krankenfahrt zum Hausarzt oder im Kulturbus f\u00fcr Duisburger Schulen zu Duisburger Zielen &#8211; wir bringen alle sicher hin &#8211; und auch wieder zur\u00fcck! Dar\u00fcber hinaus unterst\u00fctzen wir seit Jahren [&hellip;]<\/p>\n","protected":false},"author":2,"featured_media":816,"parent":0,"menu_order":0,"comment_status":"closed","ping_status":"closed","template":"","meta":{"ngg_post_thumbnail":0,"footnotes":""},"class_list":["post-138","page","type-page","status-publish","has-post-thumbnail","hentry","post","post-with-thumbnail","post-with-thumbnail-large"],"_links":{"self":[{"href":"https:\/\/der-homberger.de\/index.php?rest_route=\/wp\/v2\/pages\/138","targetHints":{"allow":["GET"]}}],"collection":[{"href":"https:\/\/der-homberger.de\/index.php?rest_route=\/wp\/v2\/pages"}],"about":[{"href":"https:\/\/der-homberger.de\/index.php?rest_route=\/wp\/v2\/types\/page"}],"author":[{"embeddable":true,"href":"https:\/\/der-homberger.de\/index.php?rest_route=\/wp\/v2\/users\/2"}],"replies":[{"embeddable":true,"href":"https:\/\/der-homberger.de\/index.php?rest_route=%2Fwp%2Fv2%2Fcomments&post=138"}],"version-history":[{"count":30,"href":"https:\/\/der-homberger.de\/index.php?rest_route=\/wp\/v2\/pages\/138\/revisions"}],"predecessor-version":[{"id":1960,"href":"https:\/\/der-homberger.de\/index.php?rest_route=\/wp\/v2\/pages\/138\/revisions\/1960"}],"wp:featuredmedia":[{"embeddable":true,"href":"https:\/\/der-homberger.de\/index.php?rest_route=\/wp\/v2\/media\/816"}],"wp:attachment":[{"href":"https:\/\/der-homberger.de\/index.php?rest_route=%2Fwp%2Fv2%2Fmedia&parent=138"}],"curies":[{"name":"wp","href":"https:\/\/api.w.org\/{rel}","templated":true}]}}